{"id":274,"date":"2024-01-18T18:14:15","date_gmt":"2024-01-18T18:14:15","guid":{"rendered":"https:\/\/atolinga.gob.mx\/?page_id=274"},"modified":"2025-10-02T12:20:19","modified_gmt":"2025-10-02T18:20:19","slug":"secretaria-de-gobierno","status":"publish","type":"page","link":"https:\/\/atolinga.gob.mx\/?page_id=274","title":{"rendered":"Secretar\u00eda de Gobierno Municipal"},"content":{"rendered":"\n<p><mark style=\"background-color:#ff5b02\" class=\"has-inline-color\">Informaci\u00f3n de inter\u00e9s<\/mark><\/p>\n\n\n\n<ul class=\"wp-block-list\">\n<li><a href=\"https:\/\/atolinga.gob.mx\/wp-content\/uploads\/2025\/02\/Presidente-Municipal-10.png\">Organigrama<\/a> Atolinga 2024-2027<\/li>\n<\/ul>\n\n\n\n<p><mark style=\"background-color:#ff5b02\" class=\"has-inline-color\">Normatividad vigente<\/mark><\/p>\n\n\n\n<ul class=\"wp-block-list\">\n<li><a href=\"https:\/\/www.congresozac.gob.mx\/63\/ley&amp;cual=67\">Ley Org\u00e1nica del Municipio del Estado de Zacatecas<\/a><\/li>\n\n\n\n<li><a href=\"https:\/\/www.congresozac.gob.mx\/64\/ley&amp;cual=46\">Ley del Servicio Civil del Estado de Zacatecas<\/a><\/li>\n\n\n\n<li><a href=\"https:\/\/atolinga.gob.mx\/wp-content\/uploads\/2025\/02\/Programa-Operativo-Anual-2025_000077.pdf\" data-type=\"link\" data-id=\"https:\/\/atolinga.gob.mx\/wp-content\/uploads\/2025\/02\/Programa-Operativo-Anual-2025_000077.pdf\">Programa Operativo Anual 2025<\/a><\/li>\n\n\n\n<li><a href=\"https:\/\/atolinga.gob.mx\/wp-content\/uploads\/2025\/02\/Bando-de-Policia-y-Buen-Gobierno-2024-2027-1.pdf\" data-type=\"link\" data-id=\"https:\/\/atolinga.gob.mx\/wp-content\/uploads\/2025\/02\/Bando-de-Policia-y-Buen-Gobierno-2024-2027-1.pdf\">Bando de Polic\u00eda y Buen Gobierno<\/a> Actualizado 2024<\/li>\n\n\n\n<li><a href=\"https:\/\/atolinga.gob.mx\/wp-content\/uploads\/2025\/02\/CGJ_SUPLEMENTO-4-AL-PERIODICO-11_2025-1.pdf\" data-type=\"link\" data-id=\"https:\/\/atolinga.gob.mx\/wp-content\/uploads\/2025\/02\/CGJ_SUPLEMENTO-4-AL-PERIODICO-11_2025-1.pdf\">Reglamento Interno para los Servidores P\u00fablicos y Trabajadores del Municipio de Atolinga, Zacateca<\/a><\/li>\n\n\n\n<li><a href=\"https:\/\/atolinga.gob.mx\/wp-content\/uploads\/2024\/01\/SUPLEMENTO-2-AL-PERIODICO-77_2023.pdf\">Reglamento de los Sistemas Rurales de Agua Potable en el Municipio de Atolinga, Zacatecas<\/a><\/li>\n\n\n\n<li><a href=\"https:\/\/atolinga.gob.mx\/wp-content\/uploads\/2025\/02\/Manual-de-Organizacion-2024-2025_000076-1.pdf\" data-type=\"link\" data-id=\"https:\/\/atolinga.gob.mx\/wp-content\/uploads\/2025\/02\/Manual-de-Organizacion-2024-2025_000076-1.pdf\">Manual de Organizaci\u00f3n 2024 2027<\/a> (Aprobado el 30 de enero de 2025)<\/li>\n\n\n\n<li><a href=\"https:\/\/atolinga.gob.mx\/wp-content\/uploads\/2025\/04\/CGJ_SUPLEMENTO-1-AL-PERIODICO-24_2025.pdf\">Reglamento Interno para el Uso de Veh\u00edculos Oficiales del H. Ayuntamiento de Atolinga<\/a><\/li>\n<\/ul>\n\n\n\n<p>Consulta nuestro <a href=\"https:\/\/atolinga.gob.mx\/wp-content\/uploads\/2025\/02\/AVISO-DE-PRIVACIDAD-INTEGRAL_000060-1.pdf\">Aviso de Privacidad Integral<\/a> de la Secretar\u00eda de Gobierno<\/p>\n\n\n\n<p>Si lo deseas, puedes consultar el <a href=\"https:\/\/atolinga.gob.mx\/wp-content\/uploads\/2024\/12\/Aviso-de-Privacidad-Simplificado_000032.pdf\">Aviso de Privacidad Simplificado<\/a> de la Secretar\u00eda de Gobierno Municipal<\/p>\n\n\n\n<p><\/p>\n\n\n\n<ul class=\"wp-block-social-links is-layout-flex wp-block-social-links-is-layout-flex\"><li class=\"wp-social-link wp-social-link-facebook  wp-block-social-link\"><a href=\"https:\/\/www.facebook.com\/MunicipiodeAtolingaOficial?locale=es_LA\" class=\"wp-block-social-link-anchor\"><svg width=\"24\" height=\"24\" viewBox=\"0 0 24 24\" version=\"1.1\" xmlns=\"http:\/\/www.w3.org\/2000\/svg\" aria-hidden=\"true\" focusable=\"false\"><path d=\"M12 2C6.5 2 2 6.5 2 12c0 5 3.7 9.1 8.4 9.9v-7H7.9V12h2.5V9.8c0-2.5 1.5-3.9 3.8-3.9 1.1 0 2.2.2 2.2.2v2.5h-1.3c-1.2 0-1.6.8-1.6 1.6V12h2.8l-.4 2.9h-2.3v7C18.3 21.1 22 17 22 12c0-5.5-4.5-10-10-10z\"><\/path><\/svg><span class=\"wp-block-social-link-label screen-reader-text\">Facebook<\/span><\/a><\/li><\/ul>\n","protected":false},"excerpt":{"rendered":"<p>Informaci\u00f3n de inter\u00e9s Normatividad vigente Consulta nuestro Aviso de Privacidad Integral de la Secretar\u00eda de Gobierno Si lo deseas, puedes<\/p>\n<p><span class=\"more-link\"><a href=\"https:\/\/atolinga.gob.mx\/?page_id=274\" class=\"readmore\">Seguir leyendo<span class=\"screen-reader-text\">Secretar\u00eda de Gobierno Municipal<\/span><\/a><\/span><\/p>\n","protected":false},"author":1,"featured_media":0,"parent":0,"menu_order":0,"comment_status":"closed","ping_status":"closed","template":"","meta":{"footnotes":""},"class_list":["post-274","page","type-page","status-publish","hentry"],"_links":{"self":[{"href":"https:\/\/atolinga.gob.mx\/index.php?rest_route=\/wp\/v2\/pages\/274","targetHints":{"allow":["GET"]}}],"collection":[{"href":"https:\/\/atolinga.gob.mx\/index.php?rest_route=\/wp\/v2\/pages"}],"about":[{"href":"https:\/\/atolinga.gob.mx\/index.php?rest_route=\/wp\/v2\/types\/page"}],"author":[{"embeddable":true,"href":"https:\/\/atolinga.gob.mx\/index.php?rest_route=\/wp\/v2\/users\/1"}],"replies":[{"embeddable":true,"href":"https:\/\/atolinga.gob.mx\/index.php?rest_route=%2Fwp%2Fv2%2Fcomments&post=274"}],"version-history":[{"count":22,"href":"https:\/\/atolinga.gob.mx\/index.php?rest_route=\/wp\/v2\/pages\/274\/revisions"}],"predecessor-version":[{"id":714,"href":"https:\/\/atolinga.gob.mx\/index.php?rest_route=\/wp\/v2\/pages\/274\/revisions\/714"}],"wp:attachment":[{"href":"https:\/\/atolinga.gob.mx\/index.php?rest_route=%2Fwp%2Fv2%2Fmedia&parent=274"}],"curies":[{"name":"wp","href":"https:\/\/api.w.org\/{rel}","templated":true}]}}