{"id":468,"date":"2025-01-27T17:10:23","date_gmt":"2025-01-27T17:10:23","guid":{"rendered":"https:\/\/atolinga.gob.mx\/?page_id=468"},"modified":"2025-02-17T09:58:09","modified_gmt":"2025-02-17T15:58:09","slug":"directorio","status":"publish","type":"page","link":"https:\/\/atolinga.gob.mx\/?page_id=468","title":{"rendered":"Directorio"},"content":{"rendered":"\n<p><strong>Ayuntamiento<\/strong><\/p>\n\n\n\n<figure class=\"wp-block-table is-style-stripes\"><table><tbody><tr><td class=\"has-text-align-left\" data-align=\"left\">Cargo<\/td><td>Nombre<\/td><td>Correo<\/td><td>Tel\u00e9fono<\/td><\/tr><tr><td class=\"has-text-align-left\" data-align=\"left\">Presidenta Municipal<\/td><td>Dra. Teresita de Jes\u00fas Arteaga P\u00e9rez<br><\/td><td>presidenciadeatolinga@hotmail.com<\/td><td>4379541400 ext. 102<\/td><\/tr><tr><td class=\"has-text-align-left\" data-align=\"left\">S\u00edndico Muncipal<\/td><td>Ing. Armando Flores Orozco<\/td><td>sindicatura.ato.2024@gmail.com<\/td><td>4379541400 ext. 105<\/td><\/tr><tr><td class=\"has-text-align-left\" data-align=\"left\">Regidora de Cultura y Deporte<\/td><td>C.P. Bianca Yesenia Mart\u00ednez Estrada<\/td><td><\/td><td><\/td><\/tr><tr><td class=\"has-text-align-left\" data-align=\"left\">Regidor de Educaci\u00f3n<\/td><td>Prof. Ad\u00e1n Rodr\u00edguez Olvera<\/td><td><\/td><td><\/td><\/tr><tr><td class=\"has-text-align-left\" data-align=\"left\">Regidor de Comercio y Alcoholes<\/td><td>Ing. No\u00e9 Reyes Luna<\/td><td><\/td><td><\/td><\/tr><tr><td class=\"has-text-align-left\" data-align=\"left\">Regidora de Agricultura y Ganaderia<\/td><td>C.P. Teresita Quezada Salinas<\/td><td><\/td><td><\/td><\/tr><tr><td class=\"has-text-align-left\" data-align=\"left\">Regidor de Rastro y Panteones<\/td><td>C. Eliazar Padilla Arteaga<\/td><td><\/td><td><\/td><\/tr><tr><td class=\"has-text-align-left\" data-align=\"left\">Regidora de Salud, Ecolog\u00eda y Medio Ambiente<\/td><td>M.C.D.O. Ma. de Jes\u00fas Pallares Rivera<\/td><td><\/td><td><\/td><\/tr><\/tbody><\/table><\/figure>\n\n\n\n<p>Direcciones \/ \u00c1reas<\/p>\n\n\n\n<figure class=\"wp-block-table is-style-stripes\"><table><tbody><tr><td>Cargo<\/td><td>Nombre<\/td><td>Correo<\/td><td>Tel\u00e9fono<\/td><\/tr><tr><td>Secretario de Gobierno<\/td><td>Q.F.B. Eduardo Na\u00f1ez del Real<\/td><td>presidenciadeatolinga@hotmail.com<\/td><td>4379541400 ext. 102<\/td><\/tr><tr><td>Tesorera Municipal<\/td><td>Ing. Cecilia Nayeli D\u00edaz Herrera<\/td><td>atolingazac2021@gmail.com<\/td><td>4379541400 ext. 103<\/td><\/tr><tr><td>Director de Seguridad P\u00fablica<\/td><td>C. Jos\u00e9 de Jes\u00fas Godina S\u00e1nchez <\/td><td><\/td><td>4379541401<\/td><\/tr><tr><td>Directora de Desarrollo Econ\u00f3mico y Social<\/td><td>Lic. Nallely Arteaga Gallegos<\/td><td>desarrolloatolinga2124@outlook.com<\/td><td>4379541400 ext. 107<\/td><\/tr><tr><td>Directora de Obras y Servicios P\u00fablicos Municipales<\/td><td>L.N. Ma. Elena Ram\u00edrez G\u00f3mez<\/td><td>atolingaobras@gmail.com<\/td><td>4379541400 ext. 107<\/td><\/tr><tr><td>Directora del SMDIF<\/td><td>C. Blanca Estela Covarrubias Figueroa<\/td><td>atolingadif2024@hotmail.com<\/td><td>4379541400 ext. 109<\/td><\/tr><tr><td>Director de Planeaci\u00f3n, Encargado del IMCD<\/td><td>C.P. Osvaldo Flores Delgadillo<\/td><td>culturaydeporteato@gmail.com<\/td><td><\/td><\/tr><tr><td>Director de Desarrollo Agropecurio<\/td><td>Lic. Salvador Bobadilla Miramontes<\/td><td>atolingaagropec@gmail.com<\/td><td>4379541400 ext. 104<\/td><\/tr><tr><td>Directora del IMMA<\/td><td>C. Sandra Sandoval Arteaga<\/td><td>institutomujeratolinga@gmail.com<\/td><td><\/td><\/tr><tr><td>Juez Comunitario<\/td><td>Lic. Ana Isabel Castro Ramirez<\/td><td>juezcomunitario24@gmail.com<\/td><td>4379541401<\/td><\/tr><tr><td>Titular de la Unidad de Transparencia<\/td><td>C. David Gonz\u00e1lez Bobadilla <\/td><td>davidgonzalezmex1917@gmail.com<\/td><td><\/td><\/tr><tr><td>Titular del \u00d3rgano Interno de Control<\/td><td>Ing. Jos\u00e9 Antonio Casas Gonz\u00e1lez <\/td><td>contraloriaatolinga9@gmail.com<\/td><td>4379541400<\/td><\/tr><tr><td>Predial<\/td><td>C. Cind\u00eda Vanessa Salinas Hern\u00e1ndez<\/td><td>predial2019atolinga@outlook.es<\/td><td>4379541400 ext. 106<\/td><\/tr><tr><td>Registro Civil <\/td><td>C. Josefina del Real Orozco<\/td><td>registrocivilatolinga@hotmail.com<\/td><td>4379541400 ext. 108<\/td><\/tr><\/tbody><\/table><\/figure>\n","protected":false},"excerpt":{"rendered":"<p>Ayuntamiento Cargo Nombre Correo Tel\u00e9fono Presidenta Municipal Dra. Teresita de Jes\u00fas Arteaga P\u00e9rez presidenciadeatolinga@hotmail.com 4379541400 ext. 102 S\u00edndico Muncipal Ing.<\/p>\n<p><span class=\"more-link\"><a href=\"https:\/\/atolinga.gob.mx\/?page_id=468\" class=\"readmore\">Seguir leyendo<span class=\"screen-reader-text\">Directorio<\/span><\/a><\/span><\/p>\n","protected":false},"author":1,"featured_media":0,"parent":0,"menu_order":0,"comment_status":"closed","ping_status":"closed","template":"","meta":{"footnotes":""},"class_list":["post-468","page","type-page","status-publish","hentry"],"_links":{"self":[{"href":"https:\/\/atolinga.gob.mx\/index.php?rest_route=\/wp\/v2\/pages\/468","targetHints":{"allow":["GET"]}}],"collection":[{"href":"https:\/\/atolinga.gob.mx\/index.php?rest_route=\/wp\/v2\/pages"}],"about":[{"href":"https:\/\/atolinga.gob.mx\/index.php?rest_route=\/wp\/v2\/types\/page"}],"author":[{"embeddable":true,"href":"https:\/\/atolinga.gob.mx\/index.php?rest_route=\/wp\/v2\/users\/1"}],"replies":[{"embeddable":true,"href":"https:\/\/atolinga.gob.mx\/index.php?rest_route=%2Fwp%2Fv2%2Fcomments&post=468"}],"version-history":[{"count":5,"href":"https:\/\/atolinga.gob.mx\/index.php?rest_route=\/wp\/v2\/pages\/468\/revisions"}],"predecessor-version":[{"id":476,"href":"https:\/\/atolinga.gob.mx\/index.php?rest_route=\/wp\/v2\/pages\/468\/revisions\/476"}],"wp:attachment":[{"href":"https:\/\/atolinga.gob.mx\/index.php?rest_route=%2Fwp%2Fv2%2Fmedia&parent=468"}],"curies":[{"name":"wp","href":"https:\/\/api.w.org\/{rel}","templated":true}]}}